{"id":6,"date":"2022-07-12T22:44:05","date_gmt":"2022-07-12T22:44:05","guid":{"rendered":"https:\/\/reclamacionescambridge.farenet.com.pe\/?page_id=6"},"modified":"2022-07-19T15:58:37","modified_gmt":"2022-07-19T15:58:37","slug":"libro-de-reclamaciones","status":"publish","type":"page","link":"https:\/\/www.picorp.pe\/libroA\/","title":{"rendered":"Libro de reclamaciones"},"content":{"rendered":"\t\t<div data-elementor-type=\"wp-page\" data-elementor-id=\"6\" class=\"elementor elementor-6\">\n\t\t\t\t\t\t<section class=\"elementor-section elementor-top-section elementor-element elementor-element-5e58960 elementor-section-boxed elementor-section-height-default elementor-section-height-default\" data-id=\"5e58960\" data-element_type=\"section\" data-e-type=\"section\">\n\t\t\t\t\t\t<div class=\"elementor-container elementor-column-gap-default\">\n\t\t\t\t\t<div class=\"elementor-column elementor-col-100 elementor-top-column elementor-element elementor-element-339f028\" data-id=\"339f028\" data-element_type=\"column\" data-e-type=\"column\">\n\t\t\t<div class=\"elementor-widget-wrap elementor-element-populated\">\n\t\t\t\t\t\t<div class=\"elementor-element elementor-element-e12577e elementor-widget elementor-widget-shortcode\" data-id=\"e12577e\" data-element_type=\"widget\" data-e-type=\"widget\" data-widget_type=\"shortcode.default\">\n\t\t\t\t<div class=\"elementor-widget-container\">\n\t\t\t\t\t\t\t<div class=\"elementor-shortcode\"><div class=\"frm_forms  with_frm_style frm_style_estilo-de-formidable\" id=\"frm_form_2_container\" data-token=\"9416e96b738ae4e2273d33d2459fc609\">\n<form enctype=\"multipart\/form-data\" method=\"post\" class=\"frm-show-form  frm_pro_form \" id=\"form_librodereclamaciones2\" data-token=\"9416e96b738ae4e2273d33d2459fc609\">\n<div class=\"frm_form_fields \">\n<fieldset>\n<legend class=\"frm_screen_reader\"><\/legend>\r\n\r\n<div class=\"frm_fields_container\">\n<input type=\"hidden\" name=\"frm_action\" value=\"create\" \/>\n<input type=\"hidden\" name=\"form_id\" value=\"2\" \/>\n<input type=\"hidden\" name=\"frm_hide_fields_2\" id=\"frm_hide_fields_2\" value=\"\" \/>\n<input type=\"hidden\" name=\"form_key\" value=\"librodereclamaciones2\" \/>\n<input type=\"hidden\" name=\"item_meta[0]\" value=\"\" \/>\n<input type=\"hidden\" id=\"frm_submit_entry_2\" name=\"frm_submit_entry_2\" value=\"1495582cd8\" \/><input type=\"hidden\" name=\"_wp_http_referer\" value=\"\/libroA\/wp-json\/wp\/v2\/pages\/6\" \/><div id=\"frm_field_6_container\" class=\"frm_form_field form-field  frm_required_field frm_top_container\">\r\n    <div  id=\"field_ketra2_label\" class=\"frm_primary_label\">Nombre\r\n        <span class=\"frm_required\" aria-hidden=\"true\">*<\/span>\r\n    <\/div>\r\n    <fieldset aria-labelledby=\"field_ketra2_label\">\n\t<legend class=\"frm_screen_reader frm_hidden\">\n\t\tNombre\t<\/legend>\n\n\t<div  class=\"frm_combo_inputs_container\" id=\"frm_combo_inputs_container_6\" data-name-layout=\"first_last\">\n\t\t\t\t\t<div\n\t\t\t\tid=\"frm_field_6-first_container\"\n\t\t\t\tclass=\"frm_form_field form-field frm_form_subfield-first  frm6\"\n\t\t\t\tdata-sub-field-name=\"first\"\n\t\t\t>\n\t\t\t\t<label for=\"field_ketra2_first\" class=\"frm_screen_reader frm_hidden\">\n\t\t\t\t\tNombre\t\t\t\t<\/label>\n\n\t\t\t\t<input  type=\"text\" id=\"field_ketra2_first\" value=\"\" name=\"item_meta[6][first]\" autocomplete=\"given-name\" data-reqmsg=\"Nombre no puede estar en blanco.\" aria-required=\"true\" data-invmsg=\"Nombre no es v\u00e1lido\" aria-invalid=\"false\"  \/><div class=\"frm_description\" id=\"frm_field_6_first_desc\">Nombre<\/div>\t\t\t<\/div>\n\t\t\t\t\t\t<div\n\t\t\t\tid=\"frm_field_6-last_container\"\n\t\t\t\tclass=\"frm_form_field form-field frm_form_subfield-last  frm6\"\n\t\t\t\tdata-sub-field-name=\"last\"\n\t\t\t>\n\t\t\t\t<label for=\"field_ketra2_last\" class=\"frm_screen_reader frm_hidden\">\n\t\t\t\t\tApellidos\t\t\t\t<\/label>\n\n\t\t\t\t<input  type=\"text\" id=\"field_ketra2_last\" value=\"\" name=\"item_meta[6][last]\" autocomplete=\"family-name\" data-reqmsg=\"Nombre no puede estar en blanco.\" aria-required=\"true\" data-invmsg=\"Nombre no es v\u00e1lido\" aria-invalid=\"false\"  \/><div class=\"frm_description\" id=\"frm_field_6_last_desc\">Apellidos<\/div>\t\t\t<\/div>\n\t\t\t\t<\/div>\n<\/fieldset>\n\r\n    \r\n    \r\n<\/div>\n<div id=\"frm_field_7_container\" class=\"frm_form_field form-field  frm_required_field frm_top_container frm6 frm_first\">\r\n    <label for=\"field_vwg0o2\" id=\"field_vwg0o2_label\" class=\"frm_primary_label\">Tipo de documento\r\n        <span class=\"frm_required\" aria-hidden=\"true\">*<\/span>\r\n    <\/label>\r\n    \t\t<select name=\"item_meta[7]\" id=\"field_vwg0o2\"  data-reqmsg=\"Tipo de documento no puede estar en blanco.\" aria-required=\"true\" data-invmsg=\"Tipo de documento no es v\u00e1lido\" aria-invalid=\"false\"  >\n\t\t<option  value=\"DNI\">DNI<\/option><option  value=\"RUC\">RUC<\/option><option  value=\"Pasaporte\">Pasaporte<\/option>\t<\/select>\n\t\r\n    \r\n    \r\n<\/div>\n<div id=\"frm_field_8_container\" class=\"frm_form_field form-field  frm_required_field frm_top_container frm6\">\r\n    <label for=\"field_9lxno2\" id=\"field_9lxno2_label\" class=\"frm_primary_label\">N\u00famero de documento\r\n        <span class=\"frm_required\" aria-hidden=\"true\">*<\/span>\r\n    <\/label>\r\n    <input type=\"number\" id=\"field_9lxno2\" name=\"item_meta[8]\" value=\"\"  data-reqmsg=\"N\u00famero de documento no puede estar en blanco.\" aria-required=\"true\" data-invmsg=\"N\u00famero no es v\u00e1lido\" aria-invalid=\"false\"   min=\"0\" max=\"9999999999999999\" step=\"any\"\/>\r\n    \r\n    \r\n<\/div>\n<div id=\"frm_field_9_container\" class=\"frm_form_field form-field  frm_required_field frm_top_container frm4 frm_first\">\r\n    <label for=\"field_4h02q\" id=\"field_4h02q_label\" class=\"frm_primary_label\">Tipo de contacto\r\n        <span class=\"frm_required\" aria-hidden=\"true\">*<\/span>\r\n    <\/label>\r\n    \t\t<select name=\"item_meta[9]\" id=\"field_4h02q\"  data-reqmsg=\"Tipo de contacto no puede estar en blanco.\" aria-required=\"true\" data-invmsg=\"Tipo de contacto no es v\u00e1lido\" aria-invalid=\"false\"  >\n\t\t<option  value=\"Direcci\u00f3n y Correo Electr\u00f3nico\">Direcci\u00f3n y Correo Electr\u00f3nico<\/option><option  value=\"S\u00f3lo Correo Electr\u00f3nico\">S\u00f3lo Correo Electr\u00f3nico<\/option><option  value=\"S\u00f3lo direcci\u00f3n\">S\u00f3lo direcci\u00f3n<\/option>\t<\/select>\n\t\r\n    \r\n    \r\n<\/div>\n<div id=\"frm_field_10_container\" class=\"frm_form_field form-field  frm_required_field frm_top_container frm4\">\r\n    <label for=\"field_7kwye2\" id=\"field_7kwye2_label\" class=\"frm_primary_label\">Direcci\u00f3n\r\n        <span class=\"frm_required\" aria-hidden=\"true\">*<\/span>\r\n    <\/label>\r\n    <input type=\"text\" id=\"field_7kwye2\" name=\"item_meta[10]\" value=\"\"  data-reqmsg=\"Direcci\u00f3n no puede estar en blanco.\" aria-required=\"true\" data-invmsg=\"Texto no es v\u00e1lido\" aria-invalid=\"false\"  \/>\r\n    \r\n    \r\n<\/div>\n<div id=\"frm_field_11_container\" class=\"frm_form_field form-field  frm_required_field frm_top_container frm4\">\r\n    <label for=\"field_8mpl92\" id=\"field_8mpl92_label\" class=\"frm_primary_label\">Correo electr\u00f3nico\r\n        <span class=\"frm_required\" aria-hidden=\"true\">*<\/span>\r\n    <\/label>\r\n    <input type=\"email\" id=\"field_8mpl92\" name=\"item_meta[11]\" value=\"\"  data-reqmsg=\"Correo electr\u00f3nico no puede estar en blanco.\" aria-required=\"true\" data-invmsg=\"Correo electr\u00f3nico no es v\u00e1lido\" aria-invalid=\"false\"  \/>\r\n    \r\n    \r\n<\/div>\n<div id=\"frm_field_12_container\" class=\"frm_form_field form-field  frm_required_field frm_top_container frm4 frm_first\">\r\n    <label for=\"field_xwrqo2\" id=\"field_xwrqo2_label\" class=\"frm_primary_label\">Distrito\r\n        <span class=\"frm_required\" aria-hidden=\"true\">*<\/span>\r\n    <\/label>\r\n    <input type=\"text\" id=\"field_xwrqo2\" name=\"item_meta[12]\" value=\"\"  data-reqmsg=\"Distrito no puede estar en blanco.\" aria-required=\"true\" data-invmsg=\"Texto no es v\u00e1lido\" aria-invalid=\"false\"  \/>\r\n    \r\n    \r\n<\/div>\n<div id=\"frm_field_13_container\" class=\"frm_form_field form-field  frm_required_field frm_top_container frm4\">\r\n    <label for=\"field_4qfy62\" id=\"field_4qfy62_label\" class=\"frm_primary_label\">Provincia\r\n        <span class=\"frm_required\" aria-hidden=\"true\">*<\/span>\r\n    <\/label>\r\n    <input type=\"text\" id=\"field_4qfy62\" name=\"item_meta[13]\" value=\"\"  data-reqmsg=\"Provincia no puede estar en blanco.\" aria-required=\"true\" data-invmsg=\"Texto no es v\u00e1lido\" aria-invalid=\"false\"  \/>\r\n    \r\n    \r\n<\/div>\n<div id=\"frm_field_14_container\" class=\"frm_form_field form-field  frm_required_field frm_top_container frm4\">\r\n    <label for=\"field_4mk992\" id=\"field_4mk992_label\" class=\"frm_primary_label\">Departamento\r\n        <span class=\"frm_required\" aria-hidden=\"true\">*<\/span>\r\n    <\/label>\r\n    <input type=\"text\" id=\"field_4mk992\" name=\"item_meta[14]\" value=\"\"  data-reqmsg=\"Departamento no puede estar en blanco.\" aria-required=\"true\" data-invmsg=\"Texto no es v\u00e1lido\" aria-invalid=\"false\"  \/>\r\n    \r\n    \r\n<\/div>\n<div id=\"frm_field_15_container\" class=\"frm_form_field form-field  frm_top_container frm6 frm_first\">\r\n    <label for=\"field_96pti2\" id=\"field_96pti2_label\" class=\"frm_primary_label\">Tel\u00e9fono\r\n        <span class=\"frm_required\" aria-hidden=\"true\"><\/span>\r\n    <\/label>\r\n    <input type=\"tel\" id=\"field_96pti2\" name=\"item_meta[15]\" value=\"\"  data-invmsg=\"Tel\u00e9fono no es v\u00e1lido\" aria-invalid=\"false\" pattern=\"((\\+\\d{1,3}(-|.| )?\\(?\\d\\)?(-| |.)?\\d{1,5})|(\\(?\\d{2,6}\\)?))(-|.| )?(\\d{3,4})(-|.| )?(\\d{4})(( x| ext)\\d{1,5}){0,1}$\"  \/>\r\n    \r\n    \r\n<\/div>\n<div id=\"frm_field_16_container\" class=\"frm_form_field form-field  frm_required_field frm_top_container frm6\">\r\n    <label for=\"field_llfbx\" id=\"field_llfbx_label\" class=\"frm_primary_label\">Fecha\r\n        <span class=\"frm_required\" aria-hidden=\"true\">*<\/span>\r\n    <\/label>\r\n    <input type=\"text\" id=\"field_llfbx\" name=\"item_meta[16]\" value=\"\"  maxlength=\"10\" data-reqmsg=\"Fecha no puede estar en blanco.\" aria-required=\"true\" data-invmsg=\"Fecha no es v\u00e1lido\" class=\"frm_date\" aria-invalid=\"false\"  \/>\r\n    \r\n    \r\n<\/div>\n<div id=\"frm_field_17_container\" class=\"frm_form_field form-field  frm_required_field frm_top_container frm12 frm6 frm_first\">\r\n    <label for=\"field_gmt94\" id=\"field_gmt94_label\" class=\"frm_primary_label\">Tipo de servicio\r\n        <span class=\"frm_required\" aria-hidden=\"true\">*<\/span>\r\n    <\/label>\r\n    \t\t<select name=\"item_meta[17]\" id=\"field_gmt94\"  data-reqmsg=\"Tipo de servicio no puede estar en blanco.\" aria-required=\"true\" data-invmsg=\"Tipo de servicio no es v\u00e1lido\" aria-invalid=\"false\"  >\n\t\t<option  value=\"Estaci\u00f3n de Servicio\">Estaci\u00f3n de Servicio<\/option><option  value=\"Piwi\">Piwi<\/option><option  value=\"Distribuci\u00f3n de combustible\">Distribuci\u00f3n de combustible<\/option>\t<\/select>\n\t\r\n    \r\n    \r\n<\/div>\n<div id=\"frm_field_18_container\" class=\"frm_form_field form-field  frm_required_field frm_top_container frm6 frm6\">\r\n    <label for=\"field_a1qmi\" id=\"field_a1qmi_label\" class=\"frm_primary_label\">Tipo de servicio\r\n        <span class=\"frm_required\" aria-hidden=\"true\">*<\/span>\r\n    <\/label>\r\n    \t\t<select name=\"item_meta[18]\" id=\"field_a1qmi\"  data-reqmsg=\"Tipo de servicio no puede estar en blanco.\" aria-required=\"true\" data-invmsg=\"Tipo de servicio no es v\u00e1lido\" aria-invalid=\"false\"  >\n\t\t<option  value=\"Santa Rosa\">Santa Rosa<\/option><option  value=\"Callao\">Callao<\/option>\t<\/select>\n\t\r\n    \r\n    \r\n<\/div>\n<div id=\"frm_field_19_container\" class=\"frm_form_field form-field  frm_required_field frm_top_container vertical_radio\">\r\n    <div  id=\"field_ctdav2_label\" class=\"frm_primary_label\">Queja o reclamo\r\n        <span class=\"frm_required\" aria-hidden=\"true\">*<\/span>\r\n    <\/div>\r\n    <div class=\"frm_opt_container\" aria-labelledby=\"field_ctdav2_label\" role=\"radiogroup\" aria-required=\"true\">\t\t<div class=\"frm_radio\" id=\"frm_radio_19-0\">\t\t\t<label  for=\"field_ctdav2-0\">\n\t\t\t\t\t<input type=\"radio\" name=\"item_meta[19]\" id=\"field_ctdav2-0\" value=\"Queja (Malestar o descontento con respecto a la atenci\u00f3n al p\u00fablico)\"\n\t\t data-reqmsg=\"Queja o reclamo no puede estar en blanco.\" data-invmsg=\"Queja o reclamo no es v\u00e1lido\"   \/> Queja (Malestar o descontento con respecto a la atenci\u00f3n al p\u00fablico)<\/label><\/div>\n\t\t<div class=\"frm_radio\" id=\"frm_radio_19-1\">\t\t\t<label  for=\"field_ctdav2-1\">\n\t\t\t\t\t<input type=\"radio\" name=\"item_meta[19]\" id=\"field_ctdav2-1\" value=\"Reclamo (Disconformidad relacionada a los productos y\/o servicios)\"\n\t\t data-reqmsg=\"Queja o reclamo no puede estar en blanco.\" data-invmsg=\"Queja o reclamo no es v\u00e1lido\"   \/> Reclamo (Disconformidad relacionada a los productos y\/o servicios)<\/label><\/div>\n<\/div>\r\n    \r\n    \r\n<\/div>\n<div id=\"frm_field_20_container\" class=\"frm_form_field form-field  frm_required_field frm_top_container\">\r\n    <label for=\"field_xqtlu2\" id=\"field_xqtlu2_label\" class=\"frm_primary_label\">Detalla aqu\u00ed tu queja\/ reclamo\r\n        <span class=\"frm_required\" aria-hidden=\"true\">*<\/span>\r\n    <\/label>\r\n    <textarea name=\"item_meta[20]\" id=\"field_xqtlu2\" rows=\"5\"  data-reqmsg=\"Detalla aqu\u00ed tu queja\/ reclamo no puede estar en blanco.\" aria-required=\"true\" data-invmsg=\"Detalla aqu\u00ed tu queja\/ reclamo no es v\u00e1lido\" aria-invalid=\"false\"  ><\/textarea>\r\n    \r\n    \r\n<\/div>\n<div id=\"frm_field_21_container\" class=\"frm_form_field form-field  frm_required_field frm_top_container vertical_radio\">\r\n    <div  id=\"field_89dvf2_label\" class=\"frm_primary_label\">\r\n        <span class=\"frm_required\" aria-hidden=\"true\">*<\/span>\r\n    <\/div>\r\n    <div class=\"frm_opt_container\" aria-labelledby=\"field_89dvf2_label\" role=\"group\">\t\t<div class=\"frm_checkbox\" id=\"frm_checkbox_21-0\">\t\t\t<label  for=\"field_89dvf2-0\">\n\t\t\t<input type=\"checkbox\" name=\"item_meta[21][]\" id=\"field_89dvf2-0\" value=\"Acepto el contenido del presente formulario manifestando bajo Declaraci\u00f3n Jurada la veracidad de los datos\/hechos descritos.\"  data-reqmsg=\"Este campo no puede estar en blanco.\" data-invmsg=\"Este campo no es v\u00e1lido\"   aria-required=\"true\"  \/> Acepto el contenido del presente formulario manifestando bajo Declaraci\u00f3n Jurada la veracidad de los datos\/hechos descritos.<\/label><\/div>\n<\/div>\r\n    \r\n    \r\n<\/div>\n<div id=\"frm_field_22_container\" class=\"frm_form_field form-field  frm_top_container vertical_radio\">\r\n    <div  id=\"field_3yyrc_label\" class=\"frm_primary_label\">\r\n        <span class=\"frm_required\" aria-hidden=\"true\"><\/span>\r\n    <\/div>\r\n    <div class=\"frm_opt_container\" aria-labelledby=\"field_3yyrc_label\" role=\"group\">\t\t<div class=\"frm_checkbox\" id=\"frm_checkbox_22-1\">\t\t\t<label  for=\"field_3yyrc-1\">\n\t\t\t<input type=\"checkbox\" name=\"item_meta[22][]\" id=\"field_3yyrc-1\" value=\"Otorgo permiso para que la respuesta pueda ser v\u00eda correo electr\u00f3nico\"  data-invmsg=\"Este campo no es v\u00e1lido\"   \/> Otorgo permiso para que la respuesta pueda ser v\u00eda correo electr\u00f3nico<\/label><\/div>\n<\/div>\r\n    \r\n    \r\n<\/div>\n<div id=\"frm_field_23_container\" class=\"frm_form_field form-field  frm_required_field frm_top_container vertical_radio\">\r\n    <div  id=\"field_5xqhv_label\" class=\"frm_primary_label\">\r\n        <span class=\"frm_required\" aria-hidden=\"true\">*<\/span>\r\n    <\/div>\r\n    <div class=\"frm_opt_container\" aria-labelledby=\"field_5xqhv_label\" role=\"group\">\t\t<div class=\"frm_checkbox\" id=\"frm_checkbox_23-1\">\t\t\t<label  for=\"field_5xqhv-1\">\n\t\t\t<input type=\"checkbox\" name=\"item_meta[23][]\" id=\"field_5xqhv-1\" value=\"Otorgo permiso para que la respuesta pueda ser v\u00eda correo electr\u00f3nico\"  data-reqmsg=\"Este campo no puede estar en blanco.\" data-invmsg=\"Este campo no es v\u00e1lido\"   aria-required=\"true\"  \/> Otorgo permiso para que la respuesta pueda ser v\u00eda correo electr\u00f3nico<\/label><\/div>\n<\/div>\r\n    \r\n    \r\n<\/div>\n<div id=\"frm_field_24_container\" class=\"frm_form_field form-field  frm_top_container vertical_radio\">\r\n    <div  id=\"field_8crvq_label\" class=\"frm_primary_label\">\r\n        <span class=\"frm_required\" aria-hidden=\"true\"><\/span>\r\n    <\/div>\r\n    <div class=\"frm_opt_container\" aria-labelledby=\"field_8crvq_label\" role=\"group\">\t\t<div class=\"frm_checkbox\" id=\"frm_checkbox_24-1\">\t\t\t<label  for=\"field_8crvq-1\">\n\t\t\t<input type=\"checkbox\" name=\"item_meta[24][]\" id=\"field_8crvq-1\" value=\"En caso su reclamo obtenga una respuesta positiva, acepta que la respuesta se d\u00e9 a trav\u00e9s de WhatsApp o v\u00eda telef\u00f3nica\"  data-invmsg=\"Este campo no es v\u00e1lido\"   \/> En caso su reclamo obtenga una respuesta positiva, acepta que la respuesta se d\u00e9 a trav\u00e9s de WhatsApp o v\u00eda telef\u00f3nica<\/label><\/div>\n<\/div>\r\n    \r\n    \r\n<\/div>\n<div id=\"frm_field_25_container\" class=\"frm_form_field form-field \">\r\n\t<div class=\"frm_submit\">\r\n\r\n<button class=\"frm_button_submit frm_final_submit\" type=\"submit\"  >Enviar<\/button>\r\n\r\n\r\n<\/div>\r\n<\/div>\n\t<input type=\"hidden\" name=\"item_key\" value=\"\" \/>\n\t\t\t<div id=\"frm_field_26_container\">\n\t\t\t<label for=\"field_uz5q5\" >\n\t\t\t\tSi eres humano, deja este campo en blanco.\t\t\t<\/label>\n\t\t\t<input  id=\"field_uz5q5\" type=\"text\" class=\"frm_form_field form-field frm_verify\" name=\"item_meta[26]\" value=\"\"  \/>\n\t\t<\/div>\n\t\t<input name=\"frm_state\" type=\"hidden\" value=\"mFZEG3ZM+52hp7QfIL44a\/r4qP2S8q8fsOqucf0+c5p4uJW0LDsvIRKy8l36ySn2\" \/><\/div>\n<\/fieldset>\n<\/div>\n\n<\/form>\n<\/div>\n<\/div>\n\t\t\t\t\t\t<\/div>\n\t\t\t\t<\/div>\n\t\t\t\t\t<\/div>\n\t\t<\/div>\n\t\t\t\t\t<\/div>\n\t\t<\/section>\n\t\t\t\t<\/div>\n\t\t","protected":false},"excerpt":{"rendered":"","protected":false},"author":1,"featured_media":0,"parent":0,"menu_order":0,"comment_status":"closed","ping_status":"closed","template":"elementor_canvas","meta":{"footnotes":""},"class_list":["post-6","page","type-page","status-publish","hentry"],"_links":{"self":[{"href":"https:\/\/www.picorp.pe\/libroA\/wp-json\/wp\/v2\/pages\/6","targetHints":{"allow":["GET"]}}],"collection":[{"href":"https:\/\/www.picorp.pe\/libroA\/wp-json\/wp\/v2\/pages"}],"about":[{"href":"https:\/\/www.picorp.pe\/libroA\/wp-json\/wp\/v2\/types\/page"}],"author":[{"embeddable":true,"href":"https:\/\/www.picorp.pe\/libroA\/wp-json\/wp\/v2\/users\/1"}],"replies":[{"embeddable":true,"href":"https:\/\/www.picorp.pe\/libroA\/wp-json\/wp\/v2\/comments?post=6"}],"version-history":[{"count":7,"href":"https:\/\/www.picorp.pe\/libroA\/wp-json\/wp\/v2\/pages\/6\/revisions"}],"predecessor-version":[{"id":24,"href":"https:\/\/www.picorp.pe\/libroA\/wp-json\/wp\/v2\/pages\/6\/revisions\/24"}],"wp:attachment":[{"href":"https:\/\/www.picorp.pe\/libroA\/wp-json\/wp\/v2\/media?parent=6"}],"curies":[{"name":"wp","href":"https:\/\/api.w.org\/{rel}","templated":true}]}}